{"id":119,"date":"2018-11-01T04:32:21","date_gmt":"2018-11-01T01:32:21","guid":{"rendered":"http:\/\/localhost\/industro\/?page_id=119"},"modified":"2025-10-17T15:17:55","modified_gmt":"2025-10-17T12:17:55","slug":"contact","status":"publish","type":"page","link":"https:\/\/egebombe.com.tr\/en\/contact\/","title":{"rendered":"Contact"},"content":{"rendered":"<section class=\"wpb-content-wrapper\"><p>[vc_row full_width=&#8221;stretch_row_content_no_spaces&#8221; fullwidth=&#8221;true&#8221;][vc_column][vc_gmaps link=&#8221;#E-8_JTNDaWZyYW1lJTIwc3JjJTNEJTIyaHR0cHMlM0ElMkYlMkZ3d3cuZ29vZ2xlLmNvbSUyRm1hcHMlMkZlbWJlZCUzRnBiJTNEJTIxMW0xNyUyMTFtMTIlMjExbTMlMjExZDM4ODAuNjg4ODU0MjM3MjM0NCUyMTJkMjcuMjMzODgwOTc1OTEyNDI0JTIxM2QzOC4zODcwNDY3NzE4Mzc0OSUyMTJtMyUyMTFmMCUyMTJmMCUyMTNmMCUyMTNtMiUyMTFpMTAyNCUyMTJpNzY4JTIxNGYxMy4xJTIxM20yJTIxMW0xJTIxMnpNempDc0RJekp6RXpMalFpVGlBeU44S3dNVFFuTVRFdU1pSkYlMjE1ZTElMjEzbTIlMjExc3RyJTIxMnN0ciUyMTR2MTc2MDcwMzE4MDU5MiUyMTVtMiUyMTFzdHIlMjEyc3RyJTIyJTIwaGVpZ2h0JTNEJTIyNTIwJTIyJTIwc3R5bGUlM0QlMjJib3JkZXIlM0EwJTNCJTIyJTIwYWxsb3dmdWxsc2NyZWVuJTNEJTIyJTIyJTIwbG9hZGluZyUzRCUyMmxhenklMjIlMjByZWZlcnJlcnBvbGljeSUzRCUyMm5vLXJlZmVycmVyLXdoZW4tZG93bmdyYWRlJTIyJTNFJTNDJTJGaWZyYW1lJTNFJTBB&#8221; css=&#8221;.vc_custom_1760703438567{margin-bottom: 0px !important;}&#8221;][\/vc_column][\/vc_row][vc_row css=&#8221;.vc_custom_1541146563758{padding-top: 100px !important;padding-bottom: 100px !important;}&#8221;][vc_column offset=&#8221;vc_col-md-5&#8243;][vc_custom_heading text=&#8221;Contact Information&#8221; use_theme_fonts=&#8221;yes&#8221; css=&#8221;.vc_custom_1699898755635{margin-bottom: 40px !important;}&#8221;][vc_column_text]Ege Bombe Pres Bask\u0131 Bas\u0131n\u00e7l\u0131 Kaplar Ekipmanlar\u0131 Sanayi ve Ticaret Limited \u015eirketi<\/p>\n<p>Vergi Dairesi : Hasan Tahsin Vergi Dairesi<br \/>\nVergi Numaras\u0131 : 325 068 2563<br \/>\nTicaret Sicil No : 198991[\/vc_column_text]\n    <div class=\"contact-info \">\n        <i class=\"fas fa-map-marker-alt\"><\/i>\n        <div class=\"info\">\n            <h5>Adress<\/h5>\n            <p>G\u00f6kdere mahallesi G\u00f6kdere Caddesi No: 10\/5<br \/>\nBornova\/\u0130ZM\u0130R<\/p>\n        <\/div>\n    <\/div>\n\n\n    <div class=\"contact-info \">\n        <i class=\"fas fa-at\"><\/i>\n        <div class=\"info\">\n            <h5>Email<\/h5>\n            <p><a href=\"mailto:info@egebombe.com.tr\">info@egebombe.com.tr<\/a><\/p>\n        <\/div>\n    <\/div>\n\n\n    <div class=\"contact-info \">\n        <i class=\"fas fa-phone-alt\"><\/i>\n        <div class=\"info\">\n            <h5>Phone<\/h5>\n            <p><a href=\"tel:+90 232 472 22 16\">+90 232 472 22 16<\/a><\/p>\n<p><a href=\"tel:+90 532 405 64 22\">+90 532 684 71 60 &#8211; Ferman Urgen<\/a><\/p>\n        <\/div>\n    <\/div>\n\n[\/vc_column][vc_column offset=&#8221;vc_col-md-7&#8243;][vc_custom_heading text=&#8221;Contact Form&#8221; use_theme_fonts=&#8221;yes&#8221; css=&#8221;.vc_custom_1699898781472{margin-bottom: 43px !important;}&#8221;]<div role=\"form\" class=\"wpcf7\" id=\"wpcf7-f118-o1\" lang=\"en-US\" dir=\"ltr\">\n<div class=\"screen-reader-response\"><p role=\"status\" aria-live=\"polite\" aria-atomic=\"true\"><\/p> <ul><\/ul><\/div>\n<form action=\"\/en\/wp-json\/wp\/v2\/pages\/119#wpcf7-f118-o1\" method=\"post\" class=\"wpcf7-form init\" novalidate=\"novalidate\" data-status=\"init\">\n<div style=\"display: none;\">\n<input type=\"hidden\" name=\"_wpcf7\" value=\"118\" \/>\n<input type=\"hidden\" name=\"_wpcf7_version\" value=\"5.6.3\" \/>\n<input type=\"hidden\" name=\"_wpcf7_locale\" value=\"en_US\" \/>\n<input type=\"hidden\" name=\"_wpcf7_unit_tag\" value=\"wpcf7-f118-o1\" \/>\n<input type=\"hidden\" name=\"_wpcf7_container_post\" value=\"0\" \/>\n<input type=\"hidden\" name=\"_wpcf7_posted_data_hash\" value=\"\" \/>\n<\/div>\n<p><span class=\"wpcf7-form-control-wrap\" data-name=\"your-name\"><input type=\"text\" name=\"your-name\" value=\"\" size=\"40\" class=\"wpcf7-form-control wpcf7-text wpcf7-validates-as-required\" aria-required=\"true\" aria-invalid=\"false\" placeholder=\"Your Name\" \/><\/span><\/p>\n<p><span class=\"wpcf7-form-control-wrap\" data-name=\"your-company\"><input type=\"text\" name=\"your-company\" value=\"\" size=\"40\" class=\"wpcf7-form-control wpcf7-text\" aria-invalid=\"false\" placeholder=\"Company\" \/><\/span><\/p>\n<p><span class=\"wpcf7-form-control-wrap\" data-name=\"your-email\"><input type=\"email\" name=\"your-email\" value=\"\" size=\"40\" class=\"wpcf7-form-control wpcf7-text wpcf7-email wpcf7-validates-as-required wpcf7-validates-as-email\" aria-required=\"true\" aria-invalid=\"false\" placeholder=\"Email Address\" \/><\/span><\/p>\n<p><span class=\"wpcf7-form-control-wrap\" data-name=\"your-name\"><input type=\"tel\" name=\"your-name\" value=\"\" size=\"40\" class=\"wpcf7-form-control wpcf7-text wpcf7-tel wpcf7-validates-as-tel\" aria-invalid=\"false\" placeholder=\"Phone Number\" \/><\/span><\/p>\n<p><span class=\"wpcf7-form-control-wrap\" data-name=\"your-message\"><textarea name=\"your-message\" cols=\"40\" rows=\"10\" class=\"wpcf7-form-control wpcf7-textarea wpcf7-validates-as-required\" aria-required=\"true\" aria-invalid=\"false\" placeholder=\"Message\"><\/textarea><\/span><\/p>\n<p><input type=\"submit\" value=\"Send\" class=\"wpcf7-form-control has-spinner wpcf7-submit btn btn-large\" \/><\/p>\n<div class=\"wpcf7-response-output\" aria-hidden=\"true\"><\/div><\/form><\/div>[\/vc_column][\/vc_row]<\/p>\n<\/section>","protected":false},"excerpt":{"rendered":"<p>[vc_row full_width=&#8221;stretch_row_content_no_spaces&#8221; fullwidth=&#8221;true&#8221;][vc_column][vc_gmaps link=&#8221;#E-8_JTNDaWZyYW1lJTIwc3JjJTNEJTIyaHR0cHMlM0ElMkYlMkZ3d3cuZ29vZ2xlLmNvbSUyRm1hcHMlMkZlbWJlZCUzRnBiJTNEJTIxMW0xNyUyMTFtMTIlMjExbTMlMjExZDM4ODAuNjg4ODU0MjM3MjM0NCUyMTJkMjcuMjMzODgwOTc1OTEyNDI0JTIxM2QzOC4zODcwNDY3NzE4Mzc0OSUyMTJtMyUyMTFmMCUyMTJmMCUyMTNmMCUyMTNtMiUyMTFpMTAyNCUyMTJpNzY4JTIxNGYxMy4xJTIxM20yJTIxMW0xJTIxMnpNempDc0RJekp6RXpMalFpVGlBeU44S3dNVFFuTVRFdU1pSkYlMjE1ZTElMjEzbTIlMjExc3RyJTIxMnN0ciUyMTR2MTc2MDcwMzE4MDU5MiUyMTVtMiUyMTFzdHIlMjEyc3RyJTIyJTIwaGVpZ2h0JTNEJTIyNTIwJTIyJTIwc3R5bGUlM0QlMjJib3JkZXIlM0EwJTNCJTIyJTIwYWxsb3dmdWxsc2NyZWVuJTNEJTIyJTIyJTIwbG9hZGluZyUzRCUyMmxhenklMjIlMjByZWZlcnJlcnBvbGljeSUzRCUyMm5vLXJlZmVycmVyLXdoZW4tZG93bmdyYWRlJTIyJTNFJTNDJTJGaWZyYW1lJTNFJTBB&#8221; css=&#8221;.vc_custom_1760703438567{margin-bottom: 0px !important;}&#8221;][\/vc_column][\/vc_row][vc_row css=&#8221;.vc_custom_1541146563758{padding-top: 100px !important;padding-bottom: 100px !important;}&#8221;][vc_column offset=&#8221;vc_col-md-5&#8243;][vc_custom_heading text=&#8221;Contact Information&#8221; use_theme_fonts=&#8221;yes&#8221; css=&#8221;.vc_custom_1699898755635{margin-bottom: 40px !important;}&#8221;][vc_column_text]Ege Bombe Pres Bask\u0131 Bas\u0131n\u00e7l\u0131 Kaplar Ekipmanlar\u0131 Sanayi ve Ticaret Limited \u015eirketi Vergi Dairesi : Hasan Tahsin Vergi Dairesi Vergi Numaras\u0131 : 325 068 2563 Ticaret Sicil No : 198991[\/vc_column_text][\/vc_column][vc_column offset=&#8221;vc_col-md-7&#8243;][vc_custom_heading text=&#8221;Contact Form&#8221; use_theme_fonts=&#8221;yes&#8221; css=&#8221;.vc_custom_1699898781472{margin-bottom: 43px !important;}&#8221;][\/vc_column][\/vc_row]<\/p>\n","protected":false},"author":1,"featured_media":0,"parent":0,"menu_order":0,"comment_status":"closed","ping_status":"closed","template":"","meta":{"footnotes":""},"class_list":["post-119","page","type-page","status-publish","hentry"],"_links":{"self":[{"href":"https:\/\/egebombe.com.tr\/en\/wp-json\/wp\/v2\/pages\/119","targetHints":{"allow":["GET"]}}],"collection":[{"href":"https:\/\/egebombe.com.tr\/en\/wp-json\/wp\/v2\/pages"}],"about":[{"href":"https:\/\/egebombe.com.tr\/en\/wp-json\/wp\/v2\/types\/page"}],"author":[{"embeddable":true,"href":"https:\/\/egebombe.com.tr\/en\/wp-json\/wp\/v2\/users\/1"}],"replies":[{"embeddable":true,"href":"https:\/\/egebombe.com.tr\/en\/wp-json\/wp\/v2\/comments?post=119"}],"version-history":[{"count":4,"href":"https:\/\/egebombe.com.tr\/en\/wp-json\/wp\/v2\/pages\/119\/revisions"}],"predecessor-version":[{"id":922,"href":"https:\/\/egebombe.com.tr\/en\/wp-json\/wp\/v2\/pages\/119\/revisions\/922"}],"wp:attachment":[{"href":"https:\/\/egebombe.com.tr\/en\/wp-json\/wp\/v2\/media?parent=119"}],"curies":[{"name":"wp","href":"https:\/\/api.w.org\/{rel}","templated":true}]}}